{"id":158,"date":"2026-01-10T17:21:11","date_gmt":"2026-01-10T20:21:11","guid":{"rendered":"https:\/\/downhillmtbhub.com.br\/?page_id=158"},"modified":"2026-01-13T21:38:11","modified_gmt":"2026-01-14T00:38:11","slug":"descubra-as-melhores-trilhas-de-downhill","status":"publish","type":"page","link":"https:\/\/downhillmtbhub.com.br\/index.php\/descubra-as-melhores-trilhas-de-downhill\/","title":{"rendered":"Descubra as Melhores Trilhas de Downhill!"},"content":{"rendered":"\n<p>Bem-vindo \u00e0 sua porta de entrada para o universo Downhill MTB! Se voc\u00ea vive para a adrenalina das descidas, o desafio das trilhas e a conex\u00e3o com a natureza, voc\u00ea chegou ao lugar certo.<\/p>\n\n\n\n<p>Aqui, desvendamos um mundo de possibilidades sobre duas rodas. Quer voc\u00ea seja um <strong>iniciante<\/strong> buscando suas primeiras sensa\u00e7\u00f5es controladas, um <strong>ciclista experiente<\/strong> \u00e0 procura de novos desafios t\u00e9cnicos, ou um <strong>piloto ambicioso<\/strong> sonhando com descidas \u00e9picas que testam seus limites \u2013 temos a trilha perfeita esperando por voc\u00ea.<\/p>\n\n\n\n<p>Em cada uma de nossas trilhas catalogadas, voc\u00ea encontrar\u00e1 <strong>informa\u00e7\u00f5es detalhadas<\/strong> sobre:<\/p>\n\n\n\n<ul class=\"wp-block-list\">\n<li>\ud83d\udccd Localiza\u00e7\u00e3o precisa e como chegar.<\/li>\n\n\n\n<li>\u26f0\ufe0f N\u00edvel de dificuldade, extens\u00e3o e desn\u00edvel.<\/li>\n\n\n\n<li>\ufffd\ufffd\ufe0f Mapas interativos e c\u00f3digos embed para voc\u00ea explorar cada curva.<\/li>\n\n\n\n<li>\ud83c\udf3f Melhores \u00e9pocas para pedalar e tipos de terreno.<\/li>\n<\/ul>\n\n\n\n<p>Mas n\u00e3o \u00e9 s\u00f3 isso! Acreditamos que a seguran\u00e7a e o conhecimento s\u00e3o t\u00e3o importantes quanto a velocidade. Por isso, oferecemos <strong>dicas de seguran\u00e7a essenciais<\/strong> para voc\u00ea encarar cada percurso com confian\u00e7a e responsabilidade.<\/p>\n\n\n\n<p>E o mais incr\u00edvel: esta plataforma \u00e9 feita <strong>por ciclistas, para ciclistas!<\/strong> Sua experi\u00eancia, suas descobertas e suas trilhas favoritas podem inspirar e guiar outros aventureiros. Junte-se \u00e0 nossa comunidade, explore e prepare-se para sentir a liberdade de descer montanhas como nunca antes.<\/p>\n\n\n\n<p><strong>Clique nas trilhas abaixo e comece sua pr\u00f3xima grande aventura!<\/strong> \ufffd\ufffd\u200d\u2642\ufe0f\ud83d\udca8<\/p>\n\n\n\n<figure class=\"wp-block-image aligncenter size-full is-resized\"><a href=\"https:\/\/downhillmtbhub.com.br\/index.php\/trilha\/trilha-do-morro-do-moreno\/\"><img fetchpriority=\"high\" decoding=\"async\" width=\"500\" height=\"500\" src=\"https:\/\/downhillmtbhub.com.br\/wp-content\/uploads\/2026\/01\/1.png\" alt=\"\" class=\"wp-image-206\" style=\"width:263px;height:auto\" srcset=\"https:\/\/downhillmtbhub.com.br\/wp-content\/uploads\/2026\/01\/1.png 500w, https:\/\/downhillmtbhub.com.br\/wp-content\/uploads\/2026\/01\/1-300x300.png 300w, https:\/\/downhillmtbhub.com.br\/wp-content\/uploads\/2026\/01\/1-150x150.png 150w, https:\/\/downhillmtbhub.com.br\/wp-content\/uploads\/2026\/01\/1-75x75.png 75w\" sizes=\"(max-width: 500px) 100vw, 500px\" \/><\/a><\/figure>\n\n\n\n<figure class=\"wp-block-image aligncenter size-full is-resized\"><a href=\"https:\/\/downhillmtbhub.com.br\/index.php\/trilha\/trilha-de-pedra-azul\/\"><img decoding=\"async\" width=\"500\" height=\"500\" src=\"https:\/\/downhillmtbhub.com.br\/wp-content\/uploads\/2026\/01\/2.png\" alt=\"\" class=\"wp-image-207\" style=\"width:262px;height:auto\" srcset=\"https:\/\/downhillmtbhub.com.br\/wp-content\/uploads\/2026\/01\/2.png 500w, https:\/\/downhillmtbhub.com.br\/wp-content\/uploads\/2026\/01\/2-300x300.png 300w, https:\/\/downhillmtbhub.com.br\/wp-content\/uploads\/2026\/01\/2-150x150.png 150w, https:\/\/downhillmtbhub.com.br\/wp-content\/uploads\/2026\/01\/2-75x75.png 75w\" sizes=\"(max-width: 500px) 100vw, 500px\" \/><\/a><\/figure>\n\n\n\n<figure class=\"wp-block-image aligncenter size-full is-resized\"><img decoding=\"async\" width=\"500\" height=\"500\" src=\"https:\/\/downhillmtbhub.com.br\/wp-content\/uploads\/2026\/01\/3.png\" alt=\"\" class=\"wp-image-208\" style=\"width:262px;height:auto\" srcset=\"https:\/\/downhillmtbhub.com.br\/wp-content\/uploads\/2026\/01\/3.png 500w, https:\/\/downhillmtbhub.com.br\/wp-content\/uploads\/2026\/01\/3-300x300.png 300w, https:\/\/downhillmtbhub.com.br\/wp-content\/uploads\/2026\/01\/3-150x150.png 150w, https:\/\/downhillmtbhub.com.br\/wp-content\/uploads\/2026\/01\/3-75x75.png 75w\" sizes=\"(max-width: 500px) 100vw, 500px\" \/><\/figure>\n","protected":false},"excerpt":{"rendered":"<p>Bem-vindo \u00e0 sua porta de entrada para o universo Downhill MTB! Se voc\u00ea vive para a adrenalina das descidas, o [&hellip;]<\/p>\n","protected":false},"author":1,"featured_media":0,"parent":0,"menu_order":0,"comment_status":"closed","ping_status":"closed","template":"","meta":{"_acf_changed":false,"site-sidebar-layout":"default","site-content-layout":"","ast-site-content-layout":"default","site-content-style":"default","site-sidebar-style":"default","ast-global-header-display":"","ast-banner-title-visibility":"","ast-main-header-display":"","ast-hfb-above-header-display":"","ast-hfb-below-header-display":"","ast-hfb-mobile-header-display":"","site-post-title":"","ast-breadcrumbs-content":"","ast-featured-img":"","footer-sml-layout":"","ast-disable-related-posts":"","theme-transparent-header-meta":"","adv-header-id-meta":"","stick-header-meta":"","header-above-stick-meta":"","header-main-stick-meta":"","header-below-stick-meta":"","astra-migrate-meta-layouts":"default","ast-page-background-enabled":"default","ast-page-background-meta":{"desktop":{"background-color":"var(--ast-global-color-5)","background-image":"","background-repeat":"repeat","background-position":"center center","background-size":"auto","background-attachment":"scroll","background-type":"","background-media":"","overlay-type":"","overlay-color":"","overlay-opacity":"","overlay-gradient":""},"tablet":{"background-color":"","background-image":"","background-repeat":"repeat","background-position":"center center","background-size":"auto","background-attachment":"scroll","background-type":"","background-media":"","overlay-type":"","overlay-color":"","overlay-opacity":"","overlay-gradient":""},"mobile":{"background-color":"","background-image":"","background-repeat":"repeat","background-position":"center center","background-size":"auto","background-attachment":"scroll","background-type":"","background-media":"","overlay-type":"","overlay-color":"","overlay-opacity":"","overlay-gradient":""}},"ast-content-background-meta":{"desktop":{"background-color":"var(--ast-global-color-4)","background-image":"","background-repeat":"repeat","background-position":"center center","background-size":"auto","background-attachment":"scroll","background-type":"","background-media":"","overlay-type":"","overlay-color":"","overlay-opacity":"","overlay-gradient":""},"tablet":{"background-color":"var(--ast-global-color-4)","background-image":"","background-repeat":"repeat","background-position":"center center","background-size":"auto","background-attachment":"scroll","background-type":"","background-media":"","overlay-type":"","overlay-color":"","overlay-opacity":"","overlay-gradient":""},"mobile":{"background-color":"var(--ast-global-color-4)","background-image":"","background-repeat":"repeat","background-position":"center center","background-size":"auto","background-attachment":"scroll","background-type":"","background-media":"","overlay-type":"","overlay-color":"","overlay-opacity":"","overlay-gradient":""}},"footnotes":""},"class_list":["post-158","page","type-page","status-publish","hentry"],"acf":[],"yoast_head":"<!-- This site is optimized with the Yoast SEO plugin v26.8 - https:\/\/yoast.com\/product\/yoast-seo-wordpress\/ -->\n<title>Descubra as Melhores Trilhas de Downhill! - Downhill MTB Hub<\/title>\n<meta name=\"robots\" content=\"index, follow, max-snippet:-1, max-image-preview:large, max-video-preview:-1\" \/>\n<link rel=\"canonical\" href=\"https:\/\/downhillmtbhub.com.br\/index.php\/descubra-as-melhores-trilhas-de-downhill\/\" \/>\n<meta property=\"og:locale\" content=\"pt_BR\" \/>\n<meta property=\"og:type\" content=\"article\" \/>\n<meta property=\"og:title\" content=\"Descubra as Melhores Trilhas de Downhill! - Downhill MTB Hub\" \/>\n<meta property=\"og:description\" content=\"Bem-vindo \u00e0 sua porta de entrada para o universo Downhill MTB! Se voc\u00ea vive para a adrenalina das descidas, o [&hellip;]\" \/>\n<meta property=\"og:url\" content=\"https:\/\/downhillmtbhub.com.br\/index.php\/descubra-as-melhores-trilhas-de-downhill\/\" \/>\n<meta property=\"og:site_name\" content=\"Downhill MTB Hub\" \/>\n<meta property=\"article:modified_time\" content=\"2026-01-14T00:38:11+00:00\" \/>\n<meta property=\"og:image\" content=\"https:\/\/downhillmtbhub.com.br\/wp-content\/uploads\/2026\/01\/1.png\" \/>\n\t<meta property=\"og:image:width\" content=\"500\" \/>\n\t<meta property=\"og:image:height\" content=\"500\" \/>\n\t<meta property=\"og:image:type\" content=\"image\/png\" \/>\n<meta name=\"twitter:card\" content=\"summary_large_image\" \/>\n<meta name=\"twitter:label1\" content=\"Est. tempo de leitura\" \/>\n\t<meta name=\"twitter:data1\" content=\"2 minutos\" \/>\n<script type=\"application\/ld+json\" class=\"yoast-schema-graph\">{\"@context\":\"https:\/\/schema.org\",\"@graph\":[{\"@type\":\"WebPage\",\"@id\":\"https:\/\/downhillmtbhub.com.br\/index.php\/descubra-as-melhores-trilhas-de-downhill\/\",\"url\":\"https:\/\/downhillmtbhub.com.br\/index.php\/descubra-as-melhores-trilhas-de-downhill\/\",\"name\":\"Descubra as Melhores Trilhas de Downhill! - Downhill MTB Hub\",\"isPartOf\":{\"@id\":\"https:\/\/downhillmtbhub.com.br\/#website\"},\"primaryImageOfPage\":{\"@id\":\"https:\/\/downhillmtbhub.com.br\/index.php\/descubra-as-melhores-trilhas-de-downhill\/#primaryimage\"},\"image\":{\"@id\":\"https:\/\/downhillmtbhub.com.br\/index.php\/descubra-as-melhores-trilhas-de-downhill\/#primaryimage\"},\"thumbnailUrl\":\"https:\/\/downhillmtbhub.com.br\/wp-content\/uploads\/2026\/01\/1.png\",\"datePublished\":\"2026-01-10T20:21:11+00:00\",\"dateModified\":\"2026-01-14T00:38:11+00:00\",\"breadcrumb\":{\"@id\":\"https:\/\/downhillmtbhub.com.br\/index.php\/descubra-as-melhores-trilhas-de-downhill\/#breadcrumb\"},\"inLanguage\":\"pt-BR\",\"potentialAction\":[{\"@type\":\"ReadAction\",\"target\":[\"https:\/\/downhillmtbhub.com.br\/index.php\/descubra-as-melhores-trilhas-de-downhill\/\"]}]},{\"@type\":\"ImageObject\",\"inLanguage\":\"pt-BR\",\"@id\":\"https:\/\/downhillmtbhub.com.br\/index.php\/descubra-as-melhores-trilhas-de-downhill\/#primaryimage\",\"url\":\"https:\/\/downhillmtbhub.com.br\/wp-content\/uploads\/2026\/01\/1.png\",\"contentUrl\":\"https:\/\/downhillmtbhub.com.br\/wp-content\/uploads\/2026\/01\/1.png\",\"width\":500,\"height\":500},{\"@type\":\"BreadcrumbList\",\"@id\":\"https:\/\/downhillmtbhub.com.br\/index.php\/descubra-as-melhores-trilhas-de-downhill\/#breadcrumb\",\"itemListElement\":[{\"@type\":\"ListItem\",\"position\":1,\"name\":\"In\u00edcio\",\"item\":\"https:\/\/downhillmtbhub.com.br\/\"},{\"@type\":\"ListItem\",\"position\":2,\"name\":\"Descubra as Melhores Trilhas de Downhill!\"}]},{\"@type\":\"WebSite\",\"@id\":\"https:\/\/downhillmtbhub.com.br\/#website\",\"url\":\"https:\/\/downhillmtbhub.com.br\/\",\"name\":\"Downhill MTB Hub\",\"description\":\"\",\"publisher\":{\"@id\":\"https:\/\/downhillmtbhub.com.br\/#organization\"},\"potentialAction\":[{\"@type\":\"SearchAction\",\"target\":{\"@type\":\"EntryPoint\",\"urlTemplate\":\"https:\/\/downhillmtbhub.com.br\/?s={search_term_string}\"},\"query-input\":{\"@type\":\"PropertyValueSpecification\",\"valueRequired\":true,\"valueName\":\"search_term_string\"}}],\"inLanguage\":\"pt-BR\"},{\"@type\":\"Organization\",\"@id\":\"https:\/\/downhillmtbhub.com.br\/#organization\",\"name\":\"Downhill MTB Hub\",\"url\":\"https:\/\/downhillmtbhub.com.br\/\",\"logo\":{\"@type\":\"ImageObject\",\"inLanguage\":\"pt-BR\",\"@id\":\"https:\/\/downhillmtbhub.com.br\/#\/schema\/logo\/image\/\",\"url\":\"https:\/\/downhillmtbhub.com.br\/wp-content\/uploads\/2025\/12\/cropped-Logo-downhillmtbhub-miniatura.png\",\"contentUrl\":\"https:\/\/downhillmtbhub.com.br\/wp-content\/uploads\/2025\/12\/cropped-Logo-downhillmtbhub-miniatura.png\",\"width\":160,\"height\":101,\"caption\":\"Downhill MTB Hub\"},\"image\":{\"@id\":\"https:\/\/downhillmtbhub.com.br\/#\/schema\/logo\/image\/\"}}]}<\/script>\n<!-- \/ Yoast SEO plugin. -->","yoast_head_json":{"title":"Descubra as Melhores Trilhas de Downhill! - Downhill MTB Hub","robots":{"index":"index","follow":"follow","max-snippet":"max-snippet:-1","max-image-preview":"max-image-preview:large","max-video-preview":"max-video-preview:-1"},"canonical":"https:\/\/downhillmtbhub.com.br\/index.php\/descubra-as-melhores-trilhas-de-downhill\/","og_locale":"pt_BR","og_type":"article","og_title":"Descubra as Melhores Trilhas de Downhill! - Downhill MTB Hub","og_description":"Bem-vindo \u00e0 sua porta de entrada para o universo Downhill MTB! Se voc\u00ea vive para a adrenalina das descidas, o [&hellip;]","og_url":"https:\/\/downhillmtbhub.com.br\/index.php\/descubra-as-melhores-trilhas-de-downhill\/","og_site_name":"Downhill MTB Hub","article_modified_time":"2026-01-14T00:38:11+00:00","og_image":[{"width":500,"height":500,"url":"https:\/\/downhillmtbhub.com.br\/wp-content\/uploads\/2026\/01\/1.png","type":"image\/png"}],"twitter_card":"summary_large_image","twitter_misc":{"Est. tempo de leitura":"2 minutos"},"schema":{"@context":"https:\/\/schema.org","@graph":[{"@type":"WebPage","@id":"https:\/\/downhillmtbhub.com.br\/index.php\/descubra-as-melhores-trilhas-de-downhill\/","url":"https:\/\/downhillmtbhub.com.br\/index.php\/descubra-as-melhores-trilhas-de-downhill\/","name":"Descubra as Melhores Trilhas de Downhill! - Downhill MTB Hub","isPartOf":{"@id":"https:\/\/downhillmtbhub.com.br\/#website"},"primaryImageOfPage":{"@id":"https:\/\/downhillmtbhub.com.br\/index.php\/descubra-as-melhores-trilhas-de-downhill\/#primaryimage"},"image":{"@id":"https:\/\/downhillmtbhub.com.br\/index.php\/descubra-as-melhores-trilhas-de-downhill\/#primaryimage"},"thumbnailUrl":"https:\/\/downhillmtbhub.com.br\/wp-content\/uploads\/2026\/01\/1.png","datePublished":"2026-01-10T20:21:11+00:00","dateModified":"2026-01-14T00:38:11+00:00","breadcrumb":{"@id":"https:\/\/downhillmtbhub.com.br\/index.php\/descubra-as-melhores-trilhas-de-downhill\/#breadcrumb"},"inLanguage":"pt-BR","potentialAction":[{"@type":"ReadAction","target":["https:\/\/downhillmtbhub.com.br\/index.php\/descubra-as-melhores-trilhas-de-downhill\/"]}]},{"@type":"ImageObject","inLanguage":"pt-BR","@id":"https:\/\/downhillmtbhub.com.br\/index.php\/descubra-as-melhores-trilhas-de-downhill\/#primaryimage","url":"https:\/\/downhillmtbhub.com.br\/wp-content\/uploads\/2026\/01\/1.png","contentUrl":"https:\/\/downhillmtbhub.com.br\/wp-content\/uploads\/2026\/01\/1.png","width":500,"height":500},{"@type":"BreadcrumbList","@id":"https:\/\/downhillmtbhub.com.br\/index.php\/descubra-as-melhores-trilhas-de-downhill\/#breadcrumb","itemListElement":[{"@type":"ListItem","position":1,"name":"In\u00edcio","item":"https:\/\/downhillmtbhub.com.br\/"},{"@type":"ListItem","position":2,"name":"Descubra as Melhores Trilhas de Downhill!"}]},{"@type":"WebSite","@id":"https:\/\/downhillmtbhub.com.br\/#website","url":"https:\/\/downhillmtbhub.com.br\/","name":"Downhill MTB Hub","description":"","publisher":{"@id":"https:\/\/downhillmtbhub.com.br\/#organization"},"potentialAction":[{"@type":"SearchAction","target":{"@type":"EntryPoint","urlTemplate":"https:\/\/downhillmtbhub.com.br\/?s={search_term_string}"},"query-input":{"@type":"PropertyValueSpecification","valueRequired":true,"valueName":"search_term_string"}}],"inLanguage":"pt-BR"},{"@type":"Organization","@id":"https:\/\/downhillmtbhub.com.br\/#organization","name":"Downhill MTB Hub","url":"https:\/\/downhillmtbhub.com.br\/","logo":{"@type":"ImageObject","inLanguage":"pt-BR","@id":"https:\/\/downhillmtbhub.com.br\/#\/schema\/logo\/image\/","url":"https:\/\/downhillmtbhub.com.br\/wp-content\/uploads\/2025\/12\/cropped-Logo-downhillmtbhub-miniatura.png","contentUrl":"https:\/\/downhillmtbhub.com.br\/wp-content\/uploads\/2025\/12\/cropped-Logo-downhillmtbhub-miniatura.png","width":160,"height":101,"caption":"Downhill MTB Hub"},"image":{"@id":"https:\/\/downhillmtbhub.com.br\/#\/schema\/logo\/image\/"}}]}},"_links":{"self":[{"href":"https:\/\/downhillmtbhub.com.br\/index.php\/wp-json\/wp\/v2\/pages\/158","targetHints":{"allow":["GET"]}}],"collection":[{"href":"https:\/\/downhillmtbhub.com.br\/index.php\/wp-json\/wp\/v2\/pages"}],"about":[{"href":"https:\/\/downhillmtbhub.com.br\/index.php\/wp-json\/wp\/v2\/types\/page"}],"author":[{"embeddable":true,"href":"https:\/\/downhillmtbhub.com.br\/index.php\/wp-json\/wp\/v2\/users\/1"}],"replies":[{"embeddable":true,"href":"https:\/\/downhillmtbhub.com.br\/index.php\/wp-json\/wp\/v2\/comments?post=158"}],"version-history":[{"count":5,"href":"https:\/\/downhillmtbhub.com.br\/index.php\/wp-json\/wp\/v2\/pages\/158\/revisions"}],"predecessor-version":[{"id":245,"href":"https:\/\/downhillmtbhub.com.br\/index.php\/wp-json\/wp\/v2\/pages\/158\/revisions\/245"}],"wp:attachment":[{"href":"https:\/\/downhillmtbhub.com.br\/index.php\/wp-json\/wp\/v2\/media?parent=158"}],"curies":[{"name":"wp","href":"https:\/\/api.w.org\/{rel}","templated":true}]}}